{"id":103,"date":"2018-11-10T18:23:47","date_gmt":"2018-11-10T17:23:47","guid":{"rendered":"https:\/\/join-the-crew.com\/de\/webshop\/?post_type=product&#038;p=103"},"modified":"2025-03-11T04:15:05","modified_gmt":"2025-03-11T03:15:05","slug":"gutschein","status":"publish","type":"product","link":"https:\/\/join-the-crew.com\/de\/webshop\/produkt\/gutschein\/","title":{"rendered":"Gutschein"},"content":{"rendered":"<p>[et_pb_section fb_built=&#8220;1&#8243; custom_padding_last_edited=&#8220;on|phone&#8220; admin_label=&#8220;Sektion&#8220; _builder_version=&#8220;4.19.2&#8243; custom_padding_tablet=&#8220;0px||||false|false&#8220; custom_padding_phone=&#8220;0px||||false|false&#8220; global_colors_info=&#8220;{}&#8220;][et_pb_row admin_label=&#8220;Zeile&#8220; _builder_version=&#8220;4.19.2&#8243; background_size=&#8220;initial&#8220; background_position=&#8220;top_left&#8220; background_repeat=&#8220;repeat&#8220; width=&#8220;100%&#8220; custom_padding=&#8220;0px||0px||false|false&#8220; global_colors_info=&#8220;{}&#8220;][et_pb_column type=&#8220;4_4&#8243; _builder_version=&#8220;4.16&#8243; custom_padding=&#8220;|||&#8220; global_colors_info=&#8220;{}&#8220; custom_padding__hover=&#8220;|||&#8220;][et_pb_wc_breadcrumb _builder_version=&#8220;4.16&#8243; global_colors_info=&#8220;{}&#8220;][\/et_pb_wc_breadcrumb][\/et_pb_column][\/et_pb_row][et_pb_row column_structure=&#8220;1_2,1_2&#8243; admin_label=&#8220;Zeile&#8220; _builder_version=&#8220;4.19.2&#8243; background_size=&#8220;initial&#8220; background_position=&#8220;top_left&#8220; background_repeat=&#8220;repeat&#8220; width=&#8220;100%&#8220; custom_padding=&#8220;0px||||false|false&#8220; custom_css_main_element=&#8220;display: flex;||flex-wrap: wrap;&#8220; global_colors_info=&#8220;{}&#8220;][et_pb_column type=&#8220;1_2&#8243; _builder_version=&#8220;4.19.2&#8243; custom_css_main_element=&#8220;order: 1;&#8220; global_colors_info=&#8220;{}&#8220; custom_padding__hover=&#8220;|||&#8220; custom_css_main_element_last_edited=&#8220;on|phone&#8220; custom_css_main_element_phone=&#8220;order: 2;&#8220; custom_css_main_element_tablet=&#8220;order: 1;&#8220;][et_pb_wc_images _builder_version=&#8220;4.19.2&#8243; custom_margin_tablet=&#8220;&#8220; custom_margin_phone=&#8220;24px||||false|false&#8220; custom_margin_last_edited=&#8220;on|phone&#8220; global_colors_info=&#8220;{}&#8220;][\/et_pb_wc_images][\/et_pb_column][et_pb_column type=&#8220;1_2&#8243; _builder_version=&#8220;4.19.2&#8243; custom_padding=&#8220;|||&#8220; custom_css_main_element=&#8220;order: 2;&#8220; global_colors_info=&#8220;{}&#8220; custom_padding__hover=&#8220;|||&#8220; custom_css_main_element_last_edited=&#8220;on|phone&#8220; custom_css_main_element_phone=&#8220;order: 1;&#8220; custom_css_main_element_tablet=&#8220;order: 2;&#8220;][et_pb_wc_title _builder_version=&#8220;4.19.2&#8243; header_font=&#8220;|700|||||||&#8220; header_text_color=&#8220;#001634&#8243; global_colors_info=&#8220;{}&#8220;][\/et_pb_wc_title][et_pb_wc_price _builder_version=&#8220;4.27.4&#8243; body_text_color=&#8220;rgba(0,0,0,0.6)&#8220; body_font_size=&#8220;20px&#8220; custom_margin=&#8220;-20px||||false|false&#8220; hover_enabled=&#8220;0&#8243; global_colors_info=&#8220;{}&#8220; disabled_on=&#8220;on|on|on&#8220; disabled=&#8220;on&#8220; sticky_enabled=&#8220;0&#8243;][\/et_pb_wc_price][et_pb_wc_description _builder_version=&#8220;4.27.4&#8243; hover_enabled=&#8220;0&#8243; global_colors_info=&#8220;{}&#8220; disabled_on=&#8220;on|on|on&#8220; disabled=&#8220;on&#8220; sticky_enabled=&#8220;0&#8243;][\/et_pb_wc_description][et_pb_text _builder_version=&#8220;4.27.4&#8243; _module_preset=&#8220;default&#8220; hover_enabled=&#8220;0&#8243; sticky_enabled=&#8220;0&#8243;]<\/p>\n<p>Aktuell bieten wir keine Gutscheine an, da wir auf ein neues System umstellen. Aber keine Sorge \u2013 sobald es wieder m\u00f6glich ist, erf\u00e4hrst du es als Erstes \u00fcber unseren <a href=\"https:\/\/join-the-crew.com\/de\/newsletter\">Newsletter<\/a> oder auf <a href=\"https:\/\/www.instagram.com\/jointhecrew_de\/\">Instagram<\/a>!\u00a0<\/p>\n<p>[\/et_pb_text][\/et_pb_column][\/et_pb_row][et_pb_row _builder_version=&#8220;4.27.4&#8243; _module_preset=&#8220;default&#8220; width=&#8220;100%&#8220; hover_enabled=&#8220;0&#8243; global_colors_info=&#8220;{}&#8220; disabled_on=&#8220;on|on|on&#8220; disabled=&#8220;on&#8220; sticky_enabled=&#8220;0&#8243;][et_pb_column type=&#8220;4_4&#8243; _builder_version=&#8220;4.19.2&#8243; _module_preset=&#8220;default&#8220; global_colors_info=&#8220;{}&#8220;][et_pb_wc_add_to_cart show_quantity=&#8220;off&#8220; show_stock=&#8220;off&#8220; _builder_version=&#8220;4.26.0&#8243; custom_button=&#8220;on&#8220; button_text_color=&#8220;#FFFFFF&#8220; button_bg_color=&#8220;#43e8a3&#8243; button_border_color=&#8220;RGBA(255,255,255,0)&#8220; button_border_radius=&#8220;0px&#8220; button_font=&#8220;Roboto|||on|||||&#8220; button_use_icon=&#8220;off&#8220; border_radii_fields=&#8220;on|0px|0px|0px|0px&#8220; global_colors_info=&#8220;{}&#8220;][\/et_pb_wc_add_to_cart][et_pb_wc_meta _builder_version=&#8220;4.16&#8243; global_colors_info=&#8220;{}&#8220;][\/et_pb_wc_meta][\/et_pb_column][\/et_pb_row][\/et_pb_section]<\/p>\n","protected":false},"excerpt":{"rendered":"<p><strong>Dieser Gutschein gilt f\u00fcr das gesamte Angebot von Join The Crew.<\/strong><\/p>\n<p>Mit diesem Gutschein verschenkst du keinen gew\u00f6hnlichen Urlaub. Du verschenkst neue Freunde, einzigartige Momente und nachhaltige Eindr\u00fccke.<\/p>\n<p>Entscheide selbst, wie hoch der Wert des Gutscheins sein soll. Zwischen 20 und 2000 \u20ac ist alles m\u00f6glich. Manche verschenken den passenden Wert zu einer Wunschreise, andere w\u00e4hlen einfach einen Wunschbetrag und der Beschenkte \u00fcbernimmt den Rest. Sollte der Gutscheinwert h\u00f6her als der Preis der Tour sein, bleibt der Restbetrag nat\u00fcrlich f\u00fcr die n\u00e4chste Tour erhalten (Hierf\u00fcr muss sich vor der Buchung bei uns gemeldet werden. Eine Auszahlung ist nicht m\u00f6glich).<\/p>\n<p>Den Gutschein personalisieren. Gib den Namen des Beschenkten ein, damit dieser auch auf dem Gutschein erscheint. Der Gutschein geht bei uns per Mail raus &#8211; gib also bitte die Mail-Adresse an, an die der Gutschein gehen soll. Entweder schickst du ihn erst an dich und leitest ihn dann weiter oder du gibst direkt die Mail-Adresse des Beschenkten ein. Zum Abschluss hast du noch ein Feld f\u00fcr Gr\u00fc\u00dfe, die auf dem Gutschein erscheinen. \ud83d\ude42<\/p>\n<p>Das perfekte Timing. Wenn die Mail direkt an den Beschenkten gehen soll, kannst du hier z. B. einfach das gew\u00fcnschte Datum (Weihnachten, Ostern, Geburtstag etc.) eingeben. Dann kommt die Mail auch p\u00fcnktlich an.<\/p>\n<p>Der Gutschein wird nicht als druckbare Vorlage, sondern als normale E-Mail versandt.<\/p>\n","protected":false},"featured_media":755,"template":"","meta":{"_et_pb_use_builder":"on","_et_pb_old_content":"","_et_gb_content_width":""},"product_cat":[15],"product_tag":[],"_links":{"self":[{"href":"https:\/\/join-the-crew.com\/de\/webshop\/wp-json\/wp\/v2\/product\/103"}],"collection":[{"href":"https:\/\/join-the-crew.com\/de\/webshop\/wp-json\/wp\/v2\/product"}],"about":[{"href":"https:\/\/join-the-crew.com\/de\/webshop\/wp-json\/wp\/v2\/types\/product"}],"wp:featuredmedia":[{"embeddable":true,"href":"https:\/\/join-the-crew.com\/de\/webshop\/wp-json\/wp\/v2\/media\/755"}],"wp:attachment":[{"href":"https:\/\/join-the-crew.com\/de\/webshop\/wp-json\/wp\/v2\/media?parent=103"}],"wp:term":[{"taxonomy":"product_cat","embeddable":true,"href":"https:\/\/join-the-crew.com\/de\/webshop\/wp-json\/wp\/v2\/product_cat?post=103"},{"taxonomy":"product_tag","embeddable":true,"href":"https:\/\/join-the-crew.com\/de\/webshop\/wp-json\/wp\/v2\/product_tag?post=103"}],"curies":[{"name":"wp","href":"https:\/\/api.w.org\/{rel}","templated":true}]}}