{"id":206,"date":"2019-06-06T15:14:02","date_gmt":"2019-06-06T13:14:02","guid":{"rendered":"https:\/\/join-the-crew.com\/de\/webshop\/?page_id=206"},"modified":"2019-06-24T15:27:53","modified_gmt":"2019-06-24T13:27:53","slug":"agb","status":"publish","type":"page","link":"https:\/\/join-the-crew.com\/de\/webshop\/agb\/","title":{"rendered":"AGB"},"content":{"rendered":"<p>[et_pb_section fb_built=&#8220;1&#8243; admin_label=&#8220;section&#8220; _builder_version=&#8220;3.0.47&#8243;][et_pb_row custom_padding=&#8220;100px|0px|25.25px|0px|false|false&#8220; admin_label=&#8220;row&#8220; _builder_version=&#8220;3.0.48&#8243; background_size=&#8220;initial&#8220; background_position=&#8220;top_left&#8220; background_repeat=&#8220;repeat&#8220;][et_pb_column type=&#8220;4_4&#8243; _builder_version=&#8220;3.0.47&#8243; parallax=&#8220;off&#8220; parallax_method=&#8220;on&#8220;][et_pb_text admin_label=&#8220;Text&#8220; _builder_version=&#8220;3.17.2&#8243; background_size=&#8220;initial&#8220; background_position=&#8220;top_left&#8220; background_repeat=&#8220;repeat&#8220;]<\/p>\n<h1><b>Allgemeine Gesch\u00e4ftsbedingungen JTC Webshop<\/b><\/h1>\n<ul>\n<li><span style=\"font-weight: 400;\"> 1 Geltungsbereich \/ Anbieter<\/span><\/li>\n<\/ul>\n<p><span style=\"font-weight: 400;\">(1) Diese Allgemeinen Gesch\u00e4ftsbedingungen gelten f\u00fcr alle Bestellungen, die der Kunde bei dem Online-Shop der folgenden Firma <\/span><\/p>\n<p><span style=\"font-weight: 400;\">Join The Crew Sp. z o.o.<br \/><\/span><span style=\"font-size: 14px;\">Hubska 44-48<br \/><\/span><span style=\"font-weight: 400;\">50-502 Wroclaw<br \/><\/span><span style=\"font-weight: 400;\">Polen<\/span><\/p>\n<p><span style=\"font-weight: 400;\">vertreten durch den Gesch\u00e4ftsf\u00fchrer Dominik Grotowski<\/span><\/p>\n<p><span style=\"font-weight: 400;\">t\u00e4tigt.<\/span><\/p>\n<p><span style=\"font-weight: 400;\">(2) Das Online-Angebot richtet sich ausschlie\u00dflich an K\u00e4ufer, welche das 18. Lebensjahr vollendet haben, mithin an Vollj\u00e4hrige. <\/span><\/p>\n<p><span style=\"font-weight: 400;\">(3) Die Lieferung, Leistungen und Angebote erfolgen ausschlie\u00dflich auf Grundlage dieser Allgemeinen Gesch\u00e4ftsbedingungen. <\/span><\/p>\n<p><span style=\"font-weight: 400;\">(4) Vertragssprache ist Deutsch.<\/span><\/p>\n<p><span style=\"font-weight: 400;\">(5) Diese Allgemeinen Gesch\u00e4ftsbedingungen k\u00f6nnen unter folgendem Link <\/span><a href=\"https:\/\/join-the-crew.com\/de\/webshop\/agb\/\"><span style=\"font-weight: 400;\">https:\/\/join-the-crew.com\/de\/webshop\/agb\/<\/span><\/a> <span style=\"font-weight: 400;\">abgerufen und ausgedruckt werden. <\/span><\/p>\n<h1><\/h1>\n<ul>\n<li><span style=\"font-weight: 400;\"> 2 Vertragsschluss<\/span><\/li>\n<\/ul>\n<p><span style=\"font-weight: 400;\">(1) Die Pr\u00e4sentation der im Online-Shop ausgestellten Waren stellt kein verbindliches Angebot zum Abschluss eines Kaufvertrages dar. Es handelt sich vielmehr um eine unverbindliche Aufforderung eine Bestellung in dem Online-Shop zu t\u00e4tigen. <\/span><\/p>\n<p><span style=\"font-weight: 400;\">(2) Mit Anklicken der Schaltfl\u00e4che \u201cJetzt zahlungspflichtig bestellen\u201d gibt der Kunde ein verbindliches Kaufangebot im Sinne des \u00a7 145 BGB ab. Unmittelbar vor der Abgabe dieser Erkl\u00e4rung hat der Kunde die M\u00f6glichkeit seine Bestellung nochmals zu \u00fcberpr\u00fcfen und gegebenenfalls zu korrigieren. <\/span><\/p>\n<p><span style=\"font-weight: 400;\">(3) Nach Eingang des Angebotes erh\u00e4lt der Kunde eine E-Mail mit einer Eingangsbest\u00e4tigung der Bestellung. Diese Best\u00e4tigung ist nicht die Annahme des Kaufangebotes. <\/span><\/p>\n<p><span style=\"font-weight: 400;\">(4) Der wirksame Kaufvertrag kommt erst zustande, wenn wir die ausdr\u00fcckliche Annahme des Angebotes mittels Auftragsbest\u00e4tigung erkl\u00e4ren, oder wenn die Ware, ohne vorheriger Erkl\u00e4rung, an den Kunden versenden. <\/span><\/p>\n<h1><\/h1>\n<ul>\n<li><span style=\"font-weight: 400;\"> 3 Preise<\/span><\/li>\n<\/ul>\n<p><span style=\"font-weight: 400;\">Die auf den Produktseiten genannten Preise enthalten die gesetzliche Mehrwertsteuer und sonstige Preisbestandteile und verstehen sich zzgl. der jeweiligen Versandkosten. Weitere Informationen zu den Versandkosten erhalten Sie auf unserer Internetseite unter \u201eVersandinformationen.\u201c <\/span><\/p>\n<h1><\/h1>\n<ul>\n<li><span style=\"font-weight: 400;\"> 4 Zahlungsbedingungen<\/span><\/li>\n<\/ul>\n<p><span style=\"font-weight: 400;\">(1) Die Zahlung erfolgt wahlweise per <\/span><\/p>\n<ul>\n<li style=\"font-weight: 400;\"><span style=\"font-weight: 400;\">Kreditkarte (MasterCard, VISA)<\/span><\/li>\n<li style=\"font-weight: 400;\"><span style=\"font-weight: 400;\">PayPal<\/span><\/li>\n<li style=\"font-weight: 400;\"><span style=\"font-weight: 400;\">Giropay<\/span><\/li>\n<li style=\"font-weight: 400;\"><span style=\"font-weight: 400;\">Sofort-\u00dcberweisung<\/span><\/li>\n<li style=\"font-weight: 400;\"><span style=\"font-weight: 400;\">\u00dcberweisung (Vorkasse)<\/span><\/li>\n<\/ul>\n<p><span style=\"font-weight: 400;\">(2) Wir behalten uns insbesondere vor, Ihnen f\u00fcr die Bezahlung nur ausgew\u00e4hlte Bezahlmethoden anzubieten.<\/span><\/p>\n<p><span style=\"font-weight: 400;\">(3) Bei Auswahl der Zahlungsart Vorkasse nennen wir Ihnen unsere Bankverbindung in der Auftragsbest\u00e4tigung. Der Rechnungsbetrag ist innerhalb von 10 Tagen nach Erhalt der Auftragsbest\u00e4tigung auf unser Konto zu \u00fcberweisen.<\/span><\/p>\n<p><span style=\"font-weight: 400;\">(4) Geraten Sie mit einer Zahlung in Verzug, so sind Sie zur Zahlung der gesetzlichen Verzugszinsen in H\u00f6he von 5 Prozentpunkten \u00fcber dem Basiszinssatz verpflichtet. F\u00fcr jedes Mahnschreiben, das nach Eintritt des Verzugs an Sie versandt wird, wird Ihnen eine Mahngeb\u00fchr in H\u00f6he von 2,50 EUR berechnet, sofern nicht im Einzelfall ein niedrigerer bzw. h\u00f6herer Schaden nachgewiesen wird.<\/span><\/p>\n<h1><\/h1>\n<ul>\n<li><span style=\"font-weight: 400;\"> 5 Zur\u00fcckbehaltungsrecht\/Aufrechnung<\/span><\/li>\n<\/ul>\n<p><span style=\"font-weight: 400;\">(1) Ein Recht zur Aufrechnung steht Ihnen nur dann zu, wenn Ihre Gegenforderung rechtskr\u00e4ftig festgestellt worden ist, von uns nicht bestritten oder anerkannt wird oder in einem engen synallagmatischen Verh\u00e4ltnis zu unserer Forderung steht. <\/span><\/p>\n<p><span style=\"font-weight: 400;\">(2) Sie k\u00f6nnen ein Zur\u00fcckbehaltungsrecht nur aus\u00fcben, soweit Ihre Gegenforderung auf demselben Vertragsverh\u00e4ltnis beruht.<\/span><\/p>\n<h1><\/h1>\n<ul>\n<li><span style=\"font-weight: 400;\"> 6 Eigentumsvorbehalt<\/span><\/li>\n<\/ul>\n<p><span style=\"font-weight: 400;\">Bis zur vollst\u00e4ndigen Bezahlung bleibt die Ware in unserem Eigentum.<\/span><\/p>\n<h1><\/h1>\n<ul>\n<li><span style=\"font-weight: 400;\"> 7 Lieferung<\/span><\/li>\n<\/ul>\n<p><span style=\"font-weight: 400;\">(1) Sofern ein kongruentes Deckungsgesch\u00e4ft ohne unser Verschulden nicht zustande gekommen ist, sind wir nicht zur Lieferung der Ware verpflichtet. Dies ist der Fall, wenn wir die fehlende Artikelverf\u00fcgbarkeit nicht zu vertreten und den Kunden \u00fcber diesen Umstand unverz\u00fcglich informiert haben. Geleistete Zahlung werden in diesem Fall erstattet.<\/span><\/p>\n<p><span style=\"font-weight: 400;\">(2) Wir \u00fcbernehmen explizit nicht das Risiko eine bestellte Ware beschaffen zu m\u00fcssen (Beschaffungsrisiko). Dies gilt auch bei der Bestellung von Waren, die nur ihrer Art und ihren Merkmalen nach beschrieben ist (Gattungswaren). Wir sind nur zur Lieferung aus unserem Warenvorrat und der von uns bei unseren Lieferanten bestellten Waren verpflichtet.<\/span><\/p>\n<p><span style=\"font-weight: 400;\">(3) F\u00fcr Unternehmer im Sinne des \u00a7 14 BGB gelten folgende Regelungen entsprechend:<\/span><\/p>\n<ul>\n<li style=\"font-weight: 400;\"><span style=\"font-weight: 400;\">Wir behalten uns das Eigentum an der Ware bis zum vollst\u00e4ndigen Ausgleich aller Forderungen aus der laufenden Gesch\u00e4ftsbeziehung vor.<\/span><\/li>\n<li style=\"font-weight: 400;\"><span style=\"font-weight: 400;\"> Vor \u00dcbergang des Eigentums an der Vorbehaltsware ist eine Verpf\u00e4ndung oder Sicherheits\u00fcbereignung nicht zul\u00e4ssig.<\/span><\/li>\n<li style=\"font-weight: 400;\"><span style=\"font-weight: 400;\">Wir verpflichteten uns, die uns zustehenden Sicherheiten auf Verlangen insoweit freizugeben, als der realisierbare Wert unserer Sicherheiten die zu sichernden Forderungen um mehr als 10 % \u00fcbersteigt. Die Auswahl der freizugebenden Sicherheiten obliegt uns.<\/span><\/li>\n<\/ul>\n<h1><\/h1>\n<ul>\n<li><b> 8 Widerrufsbelehrung <\/b><\/li>\n<\/ul>\n<p><b>Verbraucher im Sinne des \u00a7 13 BGB haben ein Widerrufsrecht nach folgenden Ma\u00dfgaben.<\/b><\/p>\n<h1><\/h1>\n<p><b>(1) Es besteht das Recht den Vertrag binnen 14 Tagen nach Vertragsschluss zu widerrufen. Dieser Widerruf bedarf keiner Begr\u00fcndung.<\/b><\/p>\n<h1><\/h1>\n<p><b>(2) Die Widerrufsfrist betr\u00e4gt 14 Tage ab dem Zeitpunkt des Zuganges der Ware bei dem Kunden oder durch ihn bevollm\u00e4chtigte Dritte.<\/b><\/p>\n<h1><\/h1>\n<p><b>(3) Die Erkl\u00e4rung, welche Ihren Widerruf deutlich macht, muss binnen der Widerrufsfrist an folgende Adresse gesendet werden. Als fristwahrend gilt der Poststempel, das Datum der E-Mail.<\/b><\/p>\n<h1>\n<\/h1>\n<p><b>Postalisch:<\/b><\/p>\n<p><b>Join The Crew Sp. z o.o.<br \/><\/b><b style=\"font-size: 14px;\">Hubska 44-48<br \/><\/b><b>50-502 Wroclaw<br \/><\/b><b>Polen <\/b><\/p>\n<h1><\/h1>\n<p><b>E-Mail: <\/b><a href=\"mailto:widerruf@join-the-crew.com\"><b>widerruf@join-the-crew.com<\/b><\/a><\/p>\n<h1><\/h1>\n<p><b>Um den Widerruf formgerecht auszu\u00fcben, k\u00f6nnen sie folgende Widerrufserkl\u00e4rung verwenden:<\/b><\/p>\n<h1>\n<\/h1>\n<p><b><i>An Join The Crew Sp. z o.o.<br \/><\/i><\/b><b style=\"font-size: 14px;\"><i>Hubska 44-48<br \/><\/i><\/b><b><i>50-502 Wroclaw<br \/><\/i><\/b><b><i>Polen<\/i><\/b><\/p>\n<h1>\n<\/h1>\n<p><b><i>Hallo JTC-Team,<\/i><\/b><\/p>\n<p><b><i>hiermit widerrufe ich den von mir abgeschlossenen Kaufvertrag \u00fcber folgende Waren:<\/i><\/b><\/p>\n<h1>\n<p><\/h1>\n<p><b><i>Diese waren habe ich am __.__.____ bestellt und sie sind am __.__.____ bei mir eingegangen. <\/i><\/b><\/p>\n<h1><\/h1>\n<p><b><i>Name:<\/i><\/b><\/p>\n<p><b><i>Anschrift:<\/i><\/b><\/p>\n<h1>\n<\/h1>\n<p><b><i>Datum, Unterschrift.<\/i><\/b><\/p>\n<h1><\/h1>\n<p><b>(4) Folgen des Widerrufs. Im Falle des Widerrufs werden wir erhaltenen Zahlungen umgehend erstatten, inklusive geleisteter Versandkosten. Diese aber nur f\u00fcr die Art des Versands, die wir f\u00fcr die Versendung unsererseits gew\u00e4hlt haben. <\/b><\/p>\n<p><b>F\u00fcr die R\u00fcckzahlung verwenden wir dasselbe Zahlungsmittel, mit welchem die Zahlung bei uns eingegangen ist. <\/b><\/p>\n<p><b>Ein R\u00fcckzahlung kann bis zum Tag des Eingangs der Ware bei uns, oder bis zum Tag des Nachweises, das es versendet wurde, von uns verweigert werden.<\/b><\/p>\n<p><b>Die Ware muss unverz\u00fcglich, sp\u00e4testens aber 14 Tage, nach der Widerrufserkl\u00e4rung abgesendet werden. Die Kosten f\u00fcr die unmittelbare R\u00fccksendung sind vom Verbraucher zu tragen.<\/b><\/p>\n<p><b>F\u00fcr einen entstandenen Wertverlust der Ware haftet der Verbraucher, wenn dieser durch einen Umgang mit der Ware entstanden ist, welcher \u00fcber eine normale Kontrolle der BEschaffenheit der Ware hinausgeht. <\/b><\/p>\n<h1><\/h1>\n<p><b>(5) Das Widerrufsrecht besteht nicht bei:<\/b><\/p>\n<h1><\/h1>\n<ul>\n<li>personalisierten Waren<\/li>\n<\/ul>\n<ul>\n<li>Ton- und Videomaterial, sofern die Versiegelung nach Versand entfernt wurde<\/li>\n<\/ul>\n<h1><\/h1>\n<p><b>(6) Besch\u00e4digungen und Verunreinigungen an den Artikeln sind zu vermeiden. Die Ware sollte m\u00f6glichst in der Originalverpackung zur\u00fcckgesendet werden. Dabei ist die Ware komplett mit jeglichem Zubeh\u00f6r zur\u00fcckgesendet werden. F\u00fcr den Versand sollte eine sch\u00fctzende Verpackung verwendet werden, um Transportsch\u00e4den und damit zusammenh\u00e4ngende Schadensersatzanspr\u00fcche <\/b><\/p>\n<h1><\/h1>\n<p><b>ENDE DER WIDERRUFSBELEHRUNG<\/b><\/p>\n<h1><\/h1>\n<ul>\n<li><span style=\"font-weight: 400;\"> 9 Transportsch\u00e4den<\/span><\/li>\n<\/ul>\n<p><span style=\"font-weight: 400;\">(1) Lieferungen, welche mit offensichtlichen Transportsch\u00e4den ankommen, m\u00fcssen umgehend bei uns gemeldet werden.<\/span><\/p>\n<p><span style=\"font-weight: 400;\">(2) Ein Vers\u00e4umnis dieser Reklamation ber\u00fchrt die gesetzlichen Gew\u00e4hrleistungsrecht nicht.<\/span><\/p>\n<h1><\/h1>\n<ul>\n<li><span style=\"font-weight: 400;\"> 10 Gew\u00e4hrleistung<\/span><\/li>\n<\/ul>\n<p><span style=\"font-weight: 400;\">Die Gew\u00e4hrleistungsanspr\u00fcche richten sich nach den allgemeinen Bestimmungen des Deutschen zivilrechtlichen Kaufrechts, \u00a7\u00a7 433 ff. BGB. <\/span><\/p>\n<h1><\/h1>\n<ul>\n<li><span style=\"font-weight: 400;\"> 10 Haftung<\/span><\/li>\n<\/ul>\n<p><span style=\"font-weight: 400;\">(1) Eine unbeschr\u00e4nkte Haftung gilt nur f\u00fcr den Fall von Vorsatz und grober Fahrl\u00e4ssigkeit. <\/span><\/p>\n<p><span style=\"font-weight: 400;\">(2) Weiterhin haften wir nach den Grunds\u00e4tzen des Produkthaftungsgesetzes. <\/span><\/p>\n<p><span style=\"font-weight: 400;\">(3) F\u00fcr leichte Fahrl\u00e4ssigkeit haften wir f\u00fcr Sch\u00e4den welche eine Verletzung des Lebens, des K\u00f6rpers und der Gesundheit hervorrufen.<\/span><\/p>\n<p><span style=\"font-weight: 400;\">(4) F\u00fcr leichte Fahrl\u00e4ssigkeit haften wir nur im Falle einer wesentlichen Vertragspflicht, also einer solchen Pflicht, deren Erf\u00fcllung f\u00fcr die Abwicklung des ordnungsgem\u00e4\u00dfen Gesch\u00e4ftes erforderlich ist und auf welche der Verbraucher vertrauen darf. Die Haftung ist dabei auf Sch\u00e4den beschr\u00e4nkt, mit deren Entstehung bei diesem Rechtsgesch\u00e4ft typischerweise zu rechnen ist. Diese Haftungsbeschr\u00e4nkung erstreckt sich auch auf unsere Erf\u00fcllungsgehilfen.<\/span><\/p>\n<h1><\/h1>\n<ul>\n<li><span style=\"font-weight: 400;\"> 11 Schlussbestimmungen<\/span><\/li>\n<\/ul>\n<p><span style=\"font-weight: 400;\">(1) Sollten Teile dieser Bestimmungen unwirksam sein oder werden, wird dadurch die Wirksamkeit der anderen Bestimmungen im \u00dcbrigen nicht ber\u00fchrt. <\/span><\/p>\n<p><span style=\"font-weight: 400;\">(2) Auf Vertr\u00e4ge zwischen uns und dem Besteller findet ausschlie\u00dflich das Deutsche Kaufrecht Anwendung. Das UN-Kaufrecht findet keine Anwendung. <\/span><\/p>\n<h1><\/h1>\n<p><span style=\"font-weight: 400;\">Stand: 21.06.2019<\/span><\/p>\n<h1>\n<p><\/h1>\n<p>[\/et_pb_text][\/et_pb_column][\/et_pb_row][\/et_pb_section]<\/p>\n","protected":false},"excerpt":{"rendered":"<p>Allgemeine Gesch\u00e4ftsbedingungen JTC Webshop 1 Geltungsbereich \/ Anbieter (1) Diese Allgemeinen Gesch\u00e4ftsbedingungen gelten f\u00fcr alle Bestellungen, die der Kunde bei dem Online-Shop der folgenden Firma Join The Crew Sp. z o.o.Hubska 44-4850-502 WroclawPolen vertreten durch den Gesch\u00e4ftsf\u00fchrer Dominik Grotowski t\u00e4tigt. (2) Das Online-Angebot richtet sich ausschlie\u00dflich an K\u00e4ufer, welche das 18. Lebensjahr vollendet haben, mithin [&hellip;]<\/p>\n","protected":false},"author":2,"featured_media":0,"parent":0,"menu_order":0,"comment_status":"closed","ping_status":"closed","template":"","meta":{"_et_pb_use_builder":"on","_et_pb_old_content":"<b>Allgemeine Gesch\u00e4ftsbedingungen JTC Webshop<\/b>\n<ul>\n \t<li><span style=\"font-weight: 400;\"> 1 Geltungsbereich \/ Anbieter<\/span><\/li>\n<\/ul>\n<span style=\"font-weight: 400;\">(1) Diese Allgemeinen Gesch\u00e4ftsbedingungen gelten f\u00fcr alle Bestellungen, die der Kunde bei dem Online-Shop der folgenden Firma <\/span>\n\n<span style=\"font-weight: 400;\">Join The Crew Sp. z o.o.<\/span>\n<ol>\n \t<li><span style=\"font-weight: 400;\"> Hubska 44-48<\/span><\/li>\n<\/ol>\n<span style=\"font-weight: 400;\">50-502 Wroclaw<\/span>\n\n<span style=\"font-weight: 400;\">Polen<\/span>\n\n<span style=\"font-weight: 400;\">vertreten durch den Gesch\u00e4ftsf\u00fchrer Dominik Grotowski<\/span>\n\n<span style=\"font-weight: 400;\">t\u00e4tigt.<\/span>\n\n<span style=\"font-weight: 400;\">(2) Das Online-Angebot richtet sich ausschlie\u00dflich an K\u00e4ufer, welche das 18. Lebensjahr vollendet haben, mithin an Vollj\u00e4hrige. <\/span>\n\n<span style=\"font-weight: 400;\">(3) Die Lieferung, Leistungen und Angebote erfolgen ausschlie\u00dflich auf Grundlage dieser Allgemeinen Gesch\u00e4ftsbedingungen. <\/span>\n\n<span style=\"font-weight: 400;\">(4) Vertragssprache ist Deutsch.<\/span>\n\n<span style=\"font-weight: 400;\">(5) Diese Allgemeinen Gesch\u00e4ftsbedingungen k\u00f6nnen unter folgendem Link <\/span><span style=\"font-weight: 400;\">www.xxxxxxxxxxxx <\/span><span style=\"font-weight: 400;\">abgerufen und ausgedruckt werden. <\/span>\n\n&nbsp;\n<ul>\n \t<li><span style=\"font-weight: 400;\"> 2 Vertragsschluss<\/span><\/li>\n<\/ul>\n<span style=\"font-weight: 400;\">(1) Die Pr\u00e4sentation der im Online-Shop ausgestellten Waren stellt kein verbindliches Angebot zum Abschluss eines Kaufvertrages dar. Es handelt sich vielmehr um eine unverbindliche Aufforderung eine Bestellung in dem Online-Shop zu t\u00e4tigen. <\/span>\n\n<span style=\"font-weight: 400;\">(2) Mit Anklicken der Schaltfl\u00e4che <\/span><span style=\"font-weight: 400;\">\u201cJetzt zahlungspflichtig bestellen\u201d <\/span><span style=\"font-weight: 400;\">gibt der Kunde ein verbindliches Kaufangebot im Sinne des \u00a7 145 BGB ab. <\/span><span style=\"font-weight: 400;\">Unmittelbar vor der Abgabe dieser Erkl\u00e4rung hat der Kunde die M\u00f6glichkeit seine Bestellung nochmals zu \u00fcberpr\u00fcfen und gegebenenfalls zu korrigieren.<\/span>\n\n<span style=\"font-weight: 400;\">(3) <\/span><span style=\"font-weight: 400;\">Nach Eingang des Angebotes erh\u00e4lt der Kunde eine E-Mail mit einer Eingangsbest\u00e4tigung der Bestellung<\/span><span style=\"font-weight: 400;\">. Diese Best\u00e4tigung ist nicht die Annahme des Kaufangebotes. <\/span>\n\n<span style=\"font-weight: 400;\">(4) Der wirksame Kaufvertrag kommt erst zustande, wenn wir die ausdr\u00fcckliche Annahme des Angebotes mittels <\/span><span style=\"font-weight: 400;\">Auftragsbest\u00e4tigung<\/span><span style=\"font-weight: 400;\"> erkl\u00e4ren, oder wenn die Ware, ohne vorheriger Erkl\u00e4rung, an den Kunden versenden. <\/span>\n\n&nbsp;\n<ul>\n \t<li><span style=\"font-weight: 400;\"> 3 Preise<\/span><\/li>\n<\/ul>\n<span style=\"font-weight: 400;\">Die auf den Produktseiten genannten Preise enthalten die gesetzliche Mehrwertsteuer und sonstige Preisbestandteile und verstehen sich zzgl. der jeweiligen Versandkosten. <\/span><span style=\"font-weight: 400;\">Weitere Informationen zu den Versandkosten erhalten Sie auf unserer Internetseite unter \u201eVersandinformationen\u201c <\/span>\n\n&nbsp;\n<ul>\n \t<li><span style=\"font-weight: 400;\"> 4 Zahlungsbedingungen<\/span><\/li>\n<\/ul>\n<span style=\"font-weight: 400;\">(1) Die Zahlung erfolgt wahlweise per <\/span>\n<ul>\n \t<li style=\"font-weight: 400;\"><span style=\"font-weight: 400;\">Kreditkarte (MasterCard, VISA)<\/span><\/li>\n \t<li style=\"font-weight: 400;\"><span style=\"font-weight: 400;\">PayPal<\/span><\/li>\n \t<li style=\"font-weight: 400;\"><span style=\"font-weight: 400;\">Giropay<\/span><\/li>\n \t<li style=\"font-weight: 400;\"><span style=\"font-weight: 400;\">Sofort-\u00dcberweisung<\/span><\/li>\n \t<li style=\"font-weight: 400;\"><span style=\"font-weight: 400;\">\u00dcberweisung (Vorkasse)<\/span><\/li>\n<\/ul>\n<span style=\"font-weight: 400;\">(2) Wir behalten uns insbesondere vor, Ihnen f\u00fcr die Bezahlung nur ausgew\u00e4hlte Bezahlmethoden anzubieten.<\/span>\n\n<span style=\"font-weight: 400;\">(3) Bei Auswahl der Zahlungsart Vorkasse nennen wir Ihnen unsere Bankverbindung in der Auftragsbest\u00e4tigung. Der Rechnungsbetrag ist innerhalb von 10 Tagen nach Erhalt der Auftragsbest\u00e4tigung auf unser Konto zu \u00fcberweisen.<\/span>\n\n<span style=\"font-weight: 400;\">(4) Geraten Sie mit einer Zahlung in Verzug, so sind Sie zur Zahlung der gesetzlichen Verzugszinsen in H\u00f6he von 5 Prozentpunkten \u00fcber dem Basiszinssatz verpflichtet. F\u00fcr jedes Mahnschreiben, das nach Eintritt des Verzugs an Sie versandt wird, wird Ihnen eine Mahngeb\u00fchr in H\u00f6he von 2,50 EUR berechnet, sofern nicht im Einzelfall ein niedrigerer bzw. h\u00f6herer Schaden nachgewiesen wird.<\/span>\n\n&nbsp;\n<ul>\n \t<li><span style=\"font-weight: 400;\"> 5 Zur\u00fcckbehaltungsrecht\/Aufrechnung<\/span><\/li>\n<\/ul>\n<span style=\"font-weight: 400;\">(1) Ein Recht zur Aufrechnung steht Ihnen nur dann zu, wenn Ihre Gegenforderung rechtskr\u00e4ftig festgestellt worden ist, von uns nicht bestritten oder anerkannt wird oder in einem engen synallagmatischen Verh\u00e4ltnis zu unserer Forderung steht. <\/span>\n\n<span style=\"font-weight: 400;\">(2) Sie k\u00f6nnen ein Zur\u00fcckbehaltungsrecht nur aus\u00fcben, soweit Ihre Gegenforderung auf demselben Vertragsverh\u00e4ltnis beruht.<\/span>\n\n&nbsp;\n<ul>\n \t<li><span style=\"font-weight: 400;\"> 6 Eigentumsvorbehalt<\/span><\/li>\n<\/ul>\n<span style=\"font-weight: 400;\">Bis zur vollst\u00e4ndigen Bezahlung bleibt die Ware in unserem Eigentum.<\/span>\n\n&nbsp;\n<ul>\n \t<li><span style=\"font-weight: 400;\"> 7 Lieferung<\/span><\/li>\n<\/ul>\n<span style=\"font-weight: 400;\">(1) Sofern ein kongruentes Deckungsgesch\u00e4ft ohne unser Verschulden nicht zustande gekommen ist, sind wir nicht zur Lieferung der Ware verpflichtet. Dies ist der Fall, wenn wir die fehelnde Artikelverf\u00fcgbarkeit nicht zu vertreten und den Kunden \u00fcber diesen Umstand unverz\u00fcglich informiert haben. Geleistete Zahlung werden in diesem Fall erstattet.<\/span>\n\n<span style=\"font-weight: 400;\">(2) Wir \u00fcbernehmen explizit nicht das Risiko eine bestellte Ware beschaffen zu m\u00fcssen (Beschaffungsrisiko). Dies gilt auch bei der Bestellung von Waren, die nur ihrer Art und ihren Merkmalen nach beschrieben ist (Gattungswaren). Wir sind nur zur Lieferung aus unserem Warenvorrat und der von uns bei unseren Lieferanten bestellten Waren verpflichtet.<\/span>\n\n<span style=\"font-weight: 400;\">(3) F\u00fcr Unternehmer im Sinne des \u00a7 14 BGB gelten folgende Regelungen entsprechend:<\/span>\n<ul>\n \t<li style=\"font-weight: 400;\"><span style=\"font-weight: 400;\">Wir behalten uns das Eigentum an der Ware bis zum vollst\u00e4ndigen Ausgleich aller Forderungen aus der laufenden Gesch\u00e4ftsbeziehung vor.<\/span><\/li>\n \t<li style=\"font-weight: 400;\"><span style=\"font-weight: 400;\"> Vor \u00dcbergang des Eigentums an der Vorbehaltsware ist eine Verpf\u00e4ndung oder Sicherheits\u00fcbereignung nicht zul\u00e4ssig.<\/span><\/li>\n \t<li style=\"font-weight: 400;\"><span style=\"font-weight: 400;\">Wir verpflichteten uns, die uns zustehenden Sicherheiten auf Verlangen insoweit freizugeben, als der realisierbare Wert unserer Sicherheiten die zu sichernden Forderungen um mehr als 10 % \u00fcbersteigt. Die Auswahl der freizugebenden Sicherheiten obliegt uns.<\/span><\/li>\n<\/ul>\n&nbsp;\n<ul>\n \t<li><b> 8 Widerrufsbelehrung <\/b><\/li>\n<\/ul>\n<b>Verbraucher im Sinne des \u00a7 13 BGB haben ein Widerrufsrecht nach folgenden Ma\u00dfgaben.<\/b>\n\n&nbsp;\n\n<b>Es besteht das Recht den Vertrag binnen 14 Tagen nach Vertragsschluss zu widerrufen. Dieser Widerruf bedarf keiner Begr\u00fcndung.<\/b>\n\n&nbsp;\n\n<b>Die Widerrufsfrist betr\u00e4gt 14 Tage ab dem Zeitpunkt des Zuganges der Ware bei dem Kunden, oder durch ihn bevollm\u00e4chtigte Dritte.<\/b>\n\n&nbsp;\n\n<b>Die Erkl\u00e4rung, welche Ihren Widerruf deutlich macht, muss binnen der Widerrufsfrist an folgende Adresse gesendet werden. Als fristwahrend gilt der Poststempel, das Datum der E-Mail.<\/b>\n\n&nbsp;\n\n<b>Die Erkl\u00e4rung ist an folgenden Empf\u00e4nger zu richten:<\/b>\n\n&nbsp;\n\n<b>Postalisch:<\/b>\n\n<b>Join The Crew Sp. z o.o.<\/b>\n<ol>\n \t<li><b> Hubska 44-48<\/b><\/li>\n<\/ol>\n<b>50-502 Wroclaw<\/b>\n\n<b>Polen <\/b>\n\n&nbsp;\n\n<b>E-Mail: <\/b><a href=\"mailto:widerruf@join-the-crew.com\"><b>widerruf@join-the-crew.com<\/b><\/a>\n\n&nbsp;\n\n<b>Um den Widerruf formgerecht auszu\u00fcben k\u00f6nnen sie folgende Widerrufserkl\u00e4rung verwenden:<\/b>\n\n&nbsp;","_et_gb_content_width":""},"_links":{"self":[{"href":"https:\/\/join-the-crew.com\/de\/webshop\/wp-json\/wp\/v2\/pages\/206"}],"collection":[{"href":"https:\/\/join-the-crew.com\/de\/webshop\/wp-json\/wp\/v2\/pages"}],"about":[{"href":"https:\/\/join-the-crew.com\/de\/webshop\/wp-json\/wp\/v2\/types\/page"}],"author":[{"embeddable":true,"href":"https:\/\/join-the-crew.com\/de\/webshop\/wp-json\/wp\/v2\/users\/2"}],"replies":[{"embeddable":true,"href":"https:\/\/join-the-crew.com\/de\/webshop\/wp-json\/wp\/v2\/comments?post=206"}],"version-history":[{"count":9,"href":"https:\/\/join-the-crew.com\/de\/webshop\/wp-json\/wp\/v2\/pages\/206\/revisions"}],"predecessor-version":[{"id":337,"href":"https:\/\/join-the-crew.com\/de\/webshop\/wp-json\/wp\/v2\/pages\/206\/revisions\/337"}],"wp:attachment":[{"href":"https:\/\/join-the-crew.com\/de\/webshop\/wp-json\/wp\/v2\/media?parent=206"}],"curies":[{"name":"wp","href":"https:\/\/api.w.org\/{rel}","templated":true}]}}